{"id":62,"date":"2022-06-17T11:03:39","date_gmt":"2022-06-17T11:03:39","guid":{"rendered":"https:\/\/appia.com.pl\/?page_id=62"},"modified":"2022-06-17T11:03:39","modified_gmt":"2022-06-17T11:03:39","slug":"realizacje","status":"publish","type":"page","link":"https:\/\/appia.com.pl\/index.php\/realizacje\/","title":{"rendered":"Realizacje"},"content":{"rendered":"<style>#kt-layout-id_be42a3-d2 > .kt-row-column-wrap{align-content:start;}:where(#kt-layout-id_be42a3-d2 > .kt-row-column-wrap) > .wp-block-kadence-column{justify-content:start;}#kt-layout-id_be42a3-d2 > .kt-row-column-wrap{column-gap:var(--global-kb-gap-md, 2rem);row-gap:var(--global-kb-gap-md, 2rem);padding-top:var( --global-kb-row-default-top, 25px );padding-bottom:var( --global-kb-row-default-bottom, 25px );padding-top:var(--global-kb-spacing-sm, 1.5rem);padding-bottom:var(--global-kb-spacing-sm, 1.5rem);}#kt-layout-id_be42a3-d2 > .kt-row-column-wrap > div:not(.added-for-specificity){grid-column:initial;}#kt-layout-id_be42a3-d2 > .kt-row-column-wrap{grid-template-columns:repeat(3, minmax(0, 1fr));}#kt-layout-id_be42a3-d2 > .kt-row-layout-overlay{opacity:0.30;}@media all and (max-width: 1024px){#kt-layout-id_be42a3-d2 > .kt-row-column-wrap > div:not(.added-for-specificity){grid-column:initial;}}@media all and (max-width: 1024px){#kt-layout-id_be42a3-d2 > .kt-row-column-wrap{grid-template-columns:repeat(3, minmax(0, 1fr));}}@media all and (max-width: 767px){#kt-layout-id_be42a3-d2 > .kt-row-column-wrap > div:not(.added-for-specificity){grid-column:initial;}#kt-layout-id_be42a3-d2 > .kt-row-column-wrap{grid-template-columns:minmax(0, 1fr);}}<\/style>\n<div class=\"wp-block-kadence-rowlayout alignnone\"><div id=\"kt-layout-id_be42a3-d2\" class=\"kt-row-layout-inner kt-layout-id_be42a3-d2\"><div class=\"kt-row-column-wrap kt-has-3-columns kt-gutter-default kt-v-gutter-default kt-row-valign-top kt-row-layout-equal kt-tab-layout-inherit kt-m-colapse-left-to-right kt-mobile-layout-row\"><style>.kadence-column_06df09-ae > .kt-inside-inner-col{border-top-width:0px;border-right-width:0px;border-bottom-width:0px;border-left-width:0px;}.kadence-column_06df09-ae > .kt-inside-inner-col,.kadence-column_06df09-ae > .kt-inside-inner-col:before{border-top-left-radius:0px;border-top-right-radius:0px;border-bottom-right-radius:0px;border-bottom-left-radius:0px;}.kadence-column_06df09-ae > .kt-inside-inner-col{column-gap:var(--global-kb-gap-sm, 1rem);}.kadence-column_06df09-ae > .kt-inside-inner-col{flex-direction:column;}.kadence-column_06df09-ae > .kt-inside-inner-col > .aligncenter{width:100%;}.kadence-column_06df09-ae > .kt-inside-inner-col:before{opacity:0.3;}.kadence-column_06df09-ae{position:relative;}@media all and (max-width: 1024px){.kadence-column_06df09-ae > .kt-inside-inner-col{flex-direction:column;}}@media all and (max-width: 767px){.kadence-column_06df09-ae > .kt-inside-inner-col{flex-direction:column;}}<\/style>\n<div class=\"wp-block-kadence-column inner-column-1 kadence-column_06df09-ae\"><div class=\"kt-inside-inner-col\">\n<h2 class=\"wp-block-heading\"><a href=\"#1486121671193-10744cf6-fd69\">TERMOMODERNIZACJA<\/a><\/h2>\n\n\n\n<p>Kompleksowa termomodernizacja osiedla Kochanowskiego w Czaplinku wraz z wymian\u0105 pokrycia dachowego z papy termozgrzewalnej.<\/p>\n<\/div><\/div>\n\n\n<style>.kadence-column_8a52b1-02 > .kt-inside-inner-col{border-top-width:0px;border-right-width:0px;border-bottom-width:0px;border-left-width:0px;}.kadence-column_8a52b1-02 > .kt-inside-inner-col,.kadence-column_8a52b1-02 > .kt-inside-inner-col:before{border-top-left-radius:0px;border-top-right-radius:0px;border-bottom-right-radius:0px;border-bottom-left-radius:0px;}.kadence-column_8a52b1-02 > .kt-inside-inner-col{column-gap:var(--global-kb-gap-sm, 1rem);}.kadence-column_8a52b1-02 > .kt-inside-inner-col{flex-direction:column;}.kadence-column_8a52b1-02 > .kt-inside-inner-col > .aligncenter{width:100%;}.kadence-column_8a52b1-02 > .kt-inside-inner-col:before{opacity:0.3;}.kadence-column_8a52b1-02{position:relative;}@media all and (max-width: 1024px){.kadence-column_8a52b1-02 > .kt-inside-inner-col{flex-direction:column;}}@media all and (max-width: 767px){.kadence-column_8a52b1-02 > .kt-inside-inner-col{flex-direction:column;}}<\/style>\n<div class=\"wp-block-kadence-column inner-column-2 kadence-column_8a52b1-02\"><div class=\"kt-inside-inner-col\">\n<h2 class=\"wp-block-heading\"><a href=\"#1486122312933-4eac4509-d26a\">BUDOWA PAWILONU<\/a><\/h2>\n\n\n\n<p>Budowa pawilonu handlowego Mr\u00f3wka ok. 2500m2 w Szczecinku<\/p>\n<\/div><\/div>\n\n\n<style>.kadence-column_490ed5-a4 > .kt-inside-inner-col{border-top-width:0px;border-right-width:0px;border-bottom-width:0px;border-left-width:0px;}.kadence-column_490ed5-a4 > .kt-inside-inner-col,.kadence-column_490ed5-a4 > .kt-inside-inner-col:before{border-top-left-radius:0px;border-top-right-radius:0px;border-bottom-right-radius:0px;border-bottom-left-radius:0px;}.kadence-column_490ed5-a4 > .kt-inside-inner-col{column-gap:var(--global-kb-gap-sm, 1rem);}.kadence-column_490ed5-a4 > .kt-inside-inner-col{flex-direction:column;}.kadence-column_490ed5-a4 > .kt-inside-inner-col > .aligncenter{width:100%;}.kadence-column_490ed5-a4 > .kt-inside-inner-col:before{opacity:0.3;}.kadence-column_490ed5-a4{position:relative;}@media all and (max-width: 1024px){.kadence-column_490ed5-a4 > .kt-inside-inner-col{flex-direction:column;}}@media all and (max-width: 767px){.kadence-column_490ed5-a4 > .kt-inside-inner-col{flex-direction:column;}}<\/style>\n<div class=\"wp-block-kadence-column inner-column-3 kadence-column_490ed5-a4\"><div class=\"kt-inside-inner-col\">\n<h2 class=\"wp-block-heading\"><a href=\"#1486122332556-29fb351e-abbc\">BUDOWA HAL<\/a><\/h2>\n\n\n\n<p>Budowa hali na tucze\u0144 (tzw. chlewnie) w miejscowo\u015bci Brojce (2000 m2) oraz Wielawino (1000m2)<\/p>\n<\/div><\/div>\n<\/div><\/div><\/div>\n\n\n<style>#kt-layout-id_988449-98 > .kt-row-column-wrap{align-content:start;}:where(#kt-layout-id_988449-98 > .kt-row-column-wrap) > .wp-block-kadence-column{justify-content:start;}#kt-layout-id_988449-98 > .kt-row-column-wrap{column-gap:var(--global-kb-gap-md, 2rem);row-gap:var(--global-kb-gap-md, 2rem);padding-top:var( --global-kb-row-default-top, 25px );padding-bottom:var( --global-kb-row-default-bottom, 25px );padding-top:var(--global-kb-spacing-sm, 1.5rem);padding-bottom:var(--global-kb-spacing-sm, 1.5rem);}#kt-layout-id_988449-98 > .kt-row-column-wrap > div:not(.added-for-specificity){grid-column:initial;}#kt-layout-id_988449-98 > .kt-row-column-wrap{grid-template-columns:repeat(3, minmax(0, 1fr));}#kt-layout-id_988449-98 > .kt-row-layout-overlay{opacity:0.30;}@media all and (max-width: 1024px){#kt-layout-id_988449-98 > .kt-row-column-wrap > div:not(.added-for-specificity){grid-column:initial;}}@media all and (max-width: 1024px){#kt-layout-id_988449-98 > .kt-row-column-wrap{grid-template-columns:repeat(3, minmax(0, 1fr));}}@media all and (max-width: 767px){#kt-layout-id_988449-98 > .kt-row-column-wrap > div:not(.added-for-specificity){grid-column:initial;}#kt-layout-id_988449-98 > .kt-row-column-wrap{grid-template-columns:minmax(0, 1fr);}}<\/style>\n<div class=\"wp-block-kadence-rowlayout alignnone\"><div id=\"kt-layout-id_988449-98\" class=\"kt-row-layout-inner kt-layout-id_988449-98\"><div class=\"kt-row-column-wrap kt-has-3-columns kt-gutter-default kt-v-gutter-default kt-row-valign-top kt-row-layout-equal kt-tab-layout-inherit kt-m-colapse-left-to-right kt-mobile-layout-row\"><style>.kadence-column_b43c3e-35 > .kt-inside-inner-col{border-top-width:0px;border-right-width:0px;border-bottom-width:0px;border-left-width:0px;}.kadence-column_b43c3e-35 > .kt-inside-inner-col,.kadence-column_b43c3e-35 > .kt-inside-inner-col:before{border-top-left-radius:0px;border-top-right-radius:0px;border-bottom-right-radius:0px;border-bottom-left-radius:0px;}.kadence-column_b43c3e-35 > .kt-inside-inner-col{column-gap:var(--global-kb-gap-sm, 1rem);}.kadence-column_b43c3e-35 > .kt-inside-inner-col{flex-direction:column;}.kadence-column_b43c3e-35 > .kt-inside-inner-col > .aligncenter{width:100%;}.kadence-column_b43c3e-35 > .kt-inside-inner-col:before{opacity:0.3;}.kadence-column_b43c3e-35{position:relative;}@media all and (max-width: 1024px){.kadence-column_b43c3e-35 > .kt-inside-inner-col{flex-direction:column;}}@media all and (max-width: 767px){.kadence-column_b43c3e-35 > .kt-inside-inner-col{flex-direction:column;}}<\/style>\n<div class=\"wp-block-kadence-column inner-column-1 kadence-column_b43c3e-35\"><div class=\"kt-inside-inner-col\">\n<h2 class=\"wp-block-heading\"><a href=\"#1486122685436-937753e6-6fe3\">BUDOWA SZKO\u0141Y<\/a><\/h2>\n\n\n\n<p>Budowa Niepublicznej Szko\u0142y Salezja\u0144skiej w Toruniu<\/p>\n<\/div><\/div>\n\n\n<style>.kadence-column_05eba5-33 > .kt-inside-inner-col{border-top-width:0px;border-right-width:0px;border-bottom-width:0px;border-left-width:0px;}.kadence-column_05eba5-33 > .kt-inside-inner-col,.kadence-column_05eba5-33 > .kt-inside-inner-col:before{border-top-left-radius:0px;border-top-right-radius:0px;border-bottom-right-radius:0px;border-bottom-left-radius:0px;}.kadence-column_05eba5-33 > .kt-inside-inner-col{column-gap:var(--global-kb-gap-sm, 1rem);}.kadence-column_05eba5-33 > .kt-inside-inner-col{flex-direction:column;}.kadence-column_05eba5-33 > .kt-inside-inner-col > .aligncenter{width:100%;}.kadence-column_05eba5-33 > .kt-inside-inner-col:before{opacity:0.3;}.kadence-column_05eba5-33{position:relative;}@media all and (max-width: 1024px){.kadence-column_05eba5-33 > .kt-inside-inner-col{flex-direction:column;}}@media all and (max-width: 767px){.kadence-column_05eba5-33 > .kt-inside-inner-col{flex-direction:column;}}<\/style>\n<div class=\"wp-block-kadence-column inner-column-2 kadence-column_05eba5-33\"><div class=\"kt-inside-inner-col\">\n<h2 class=\"wp-block-heading\"><a href=\"#1486122685485-06b7d6da-b895\">BUDOWA PARKINGU<\/a><\/h2>\n\n\n\n<p>Wy\u0142o\u017cenie parkingu z kostki brukowej w Szczecinku na ul. Koszali\u0144skiej \u2013 ok. 4500 m2<\/p>\n<\/div><\/div>\n\n\n<style>.kadence-column_6a9e7b-31 > .kt-inside-inner-col{border-top-width:0px;border-right-width:0px;border-bottom-width:0px;border-left-width:0px;}.kadence-column_6a9e7b-31 > .kt-inside-inner-col,.kadence-column_6a9e7b-31 > .kt-inside-inner-col:before{border-top-left-radius:0px;border-top-right-radius:0px;border-bottom-right-radius:0px;border-bottom-left-radius:0px;}.kadence-column_6a9e7b-31 > .kt-inside-inner-col{column-gap:var(--global-kb-gap-sm, 1rem);}.kadence-column_6a9e7b-31 > .kt-inside-inner-col{flex-direction:column;}.kadence-column_6a9e7b-31 > .kt-inside-inner-col > .aligncenter{width:100%;}.kadence-column_6a9e7b-31 > .kt-inside-inner-col:before{opacity:0.3;}.kadence-column_6a9e7b-31{position:relative;}@media all and (max-width: 1024px){.kadence-column_6a9e7b-31 > .kt-inside-inner-col{flex-direction:column;}}@media all and (max-width: 767px){.kadence-column_6a9e7b-31 > .kt-inside-inner-col{flex-direction:column;}}<\/style>\n<div class=\"wp-block-kadence-column inner-column-3 kadence-column_6a9e7b-31\"><div class=\"kt-inside-inner-col\"><\/div><\/div>\n<\/div><\/div><\/div>\n","protected":false},"excerpt":{"rendered":"<p>TERMOMODERNIZACJA Kompleksowa termomodernizacja osiedla Kochanowskiego w Czaplinku wraz z wymian\u0105 pokrycia dachowego z papy termozgrzewalnej. BUDOWA PAWILONU Budowa pawilonu handlowego Mr\u00f3wka ok. 2500m2 w Szczecinku BUDOWA HAL Budowa hali na tucze\u0144 (tzw. chlewnie) w miejscowo\u015bci Brojce (2000 m2) oraz Wielawino (1000m2) BUDOWA SZKO\u0141Y Budowa Niepublicznej Szko\u0142y Salezja\u0144skiej w Toruniu BUDOWA PARKINGU Wy\u0142o\u017cenie parkingu z kostki&#8230;<\/p>\n","protected":false},"author":1,"featured_media":0,"parent":0,"menu_order":0,"comment_status":"closed","ping_status":"closed","template":"","meta":{"_kad_blocks_custom_css":"","_kad_blocks_head_custom_js":"","_kad_blocks_body_custom_js":"","_kad_blocks_footer_custom_js":"","_kadence_starter_templates_imported_post":false,"_kad_post_transparent":"","_kad_post_title":"","_kad_post_layout":"","_kad_post_sidebar_id":"","_kad_post_content_style":"","_kad_post_vertical_padding":"","_kad_post_feature":"","_kad_post_feature_position":"","_kad_post_header":false,"_kad_post_footer":false,"footnotes":""},"class_list":["post-62","page","type-page","status-publish","hentry"],"featured_image_src_large":false,"author_info":{"display_name":"admin","author_link":"https:\/\/appia.com.pl\/index.php\/author\/admin\/"},"comment_info":0,"taxonomy_info":[],"_links":{"self":[{"href":"https:\/\/appia.com.pl\/index.php\/wp-json\/wp\/v2\/pages\/62","targetHints":{"allow":["GET"]}}],"collection":[{"href":"https:\/\/appia.com.pl\/index.php\/wp-json\/wp\/v2\/pages"}],"about":[{"href":"https:\/\/appia.com.pl\/index.php\/wp-json\/wp\/v2\/types\/page"}],"author":[{"embeddable":true,"href":"https:\/\/appia.com.pl\/index.php\/wp-json\/wp\/v2\/users\/1"}],"replies":[{"embeddable":true,"href":"https:\/\/appia.com.pl\/index.php\/wp-json\/wp\/v2\/comments?post=62"}],"version-history":[{"count":1,"href":"https:\/\/appia.com.pl\/index.php\/wp-json\/wp\/v2\/pages\/62\/revisions"}],"predecessor-version":[{"id":63,"href":"https:\/\/appia.com.pl\/index.php\/wp-json\/wp\/v2\/pages\/62\/revisions\/63"}],"wp:attachment":[{"href":"https:\/\/appia.com.pl\/index.php\/wp-json\/wp\/v2\/media?parent=62"}],"curies":[{"name":"wp","href":"https:\/\/api.w.org\/{rel}","templated":true}]}}